{"id":13,"date":"2018-06-07T05:36:45","date_gmt":"2018-06-07T05:36:45","guid":{"rendered":"https:\/\/websitedemos.net\/ac-technician-02\/?page_id=6"},"modified":"2025-04-08T12:05:36","modified_gmt":"2025-04-08T19:05:36","slug":"home","status":"publish","type":"page","link":"https:\/\/datapro.com.mx\/wp\/","title":{"rendered":"Home"},"content":{"rendered":"\t\t<div data-elementor-type=\"wp-page\" data-elementor-id=\"13\" class=\"elementor elementor-13\">\n\t\t\t\t\t\t<section class=\"elementor-section elementor-top-section elementor-element elementor-element-df0c7df elementor-section-full_width elementor-reverse-mobile elementor-section-height-min-height elementor-section-height-default elementor-section-items-middle\" data-id=\"df0c7df\" data-element_type=\"section\" data-e-type=\"section\">\n\t\t\t\t\t\t\t<div class=\"elementor-background-overlay\"><\/div>\n\t\t\t\t\t\t\t<div class=\"elementor-container elementor-column-gap-default\">\n\t\t\t\t\t<div class=\"elementor-column elementor-col-66 elementor-top-column elementor-element elementor-element-792e732\" data-id=\"792e732\" data-element_type=\"column\" data-e-type=\"column\" data-settings=\"{&quot;background_background&quot;:&quot;classic&quot;,&quot;animation&quot;:&quot;none&quot;}\">\n\t\t\t<div class=\"elementor-widget-wrap elementor-element-populated\">\n\t\t\t\t\t<div class=\"elementor-background-overlay\"><\/div>\n\t\t\t\t\t\t<div class=\"elementor-element elementor-element-5e441b1 elementor-widget elementor-widget-spacer\" data-id=\"5e441b1\" data-element_type=\"widget\" data-e-type=\"widget\" data-widget_type=\"spacer.default\">\n\t\t\t\t<div class=\"elementor-widget-container\">\n\t\t\t\t\t\t\t<div class=\"elementor-spacer\">\n\t\t\t<div class=\"elementor-spacer-inner\"><\/div>\n\t\t<\/div>\n\t\t\t\t\t\t<\/div>\n\t\t\t\t<\/div>\n\t\t\t\t\t<\/div>\n\t\t<\/div>\n\t\t\t\t<div class=\"elementor-column elementor-col-33 elementor-top-column elementor-element elementor-element-2e159f52 elementor-hidden-phone\" data-id=\"2e159f52\" data-element_type=\"column\" data-e-type=\"column\" data-settings=\"{&quot;background_background&quot;:&quot;classic&quot;}\">\n\t\t\t<div class=\"elementor-widget-wrap elementor-element-populated\">\n\t\t\t\t\t\t<div class=\"elementor-element elementor-element-b00b8ff elementor-widget elementor-widget-text-editor\" data-id=\"b00b8ff\" data-element_type=\"widget\" data-e-type=\"widget\" data-widget_type=\"text-editor.default\">\n\t\t\t\t<div class=\"elementor-widget-container\">\n\t\t\t\t\t\t\t\t\t<h2 class=\"elementor-heading-title elementor-size-default elementor-inline-editing pen\" contenteditable=\"true\" data-elementor-setting-key=\"title\" data-pen-placeholder=\"Teclea aqu\u00ed...\"><span style=\"color: #000000;\"><span style=\"color: #ffffff;\">Innovaci\u00f3n a tu<\/span> servicio<\/span><\/h2>\t\t\t\t\t\t\t\t<\/div>\n\t\t\t\t<\/div>\n\t\t\t\t<div class=\"elementor-element elementor-element-f791b7d elementor-widget elementor-widget-spacer\" data-id=\"f791b7d\" data-element_type=\"widget\" data-e-type=\"widget\" data-widget_type=\"spacer.default\">\n\t\t\t\t<div class=\"elementor-widget-container\">\n\t\t\t\t\t\t\t<div class=\"elementor-spacer\">\n\t\t\t<div class=\"elementor-spacer-inner\"><\/div>\n\t\t<\/div>\n\t\t\t\t\t\t<\/div>\n\t\t\t\t<\/div>\n\t\t\t\t<div class=\"elementor-element elementor-element-337d57b elementor-widget elementor-widget-text-editor\" data-id=\"337d57b\" data-element_type=\"widget\" data-e-type=\"widget\" data-widget_type=\"text-editor.default\">\n\t\t\t\t<div class=\"elementor-widget-container\">\n\t\t\t\t\t\t\t\t\t<h4><span style=\"color: #000000;\">E<\/span><span style=\"color: #ffffff;\">xperiencia<\/span><\/h4><h4><span style=\"color: #333333;\">S<\/span><span style=\"color: #ffffff;\">ervicio<\/span><\/h4><h4><span style=\"color: #333333;\">I<\/span><span style=\"color: #ffffff;\">nnovaci\u00f3n<\/span><\/h4><h4><span style=\"color: #333333;\">T<\/span><span style=\"color: #ffffff;\">ecnolog\u00eda<\/span><\/h4>\t\t\t\t\t\t\t\t<\/div>\n\t\t\t\t<\/div>\n\t\t\t\t<div class=\"elementor-element elementor-element-b61b0ee elementor-widget elementor-widget-spacer\" data-id=\"b61b0ee\" data-element_type=\"widget\" data-e-type=\"widget\" data-widget_type=\"spacer.default\">\n\t\t\t\t<div class=\"elementor-widget-container\">\n\t\t\t\t\t\t\t<div class=\"elementor-spacer\">\n\t\t\t<div class=\"elementor-spacer-inner\"><\/div>\n\t\t<\/div>\n\t\t\t\t\t\t<\/div>\n\t\t\t\t<\/div>\n\t\t\t\t\t<\/div>\n\t\t<\/div>\n\t\t\t\t\t<\/div>\n\t\t<\/section>\n\t\t\t\t<section class=\"elementor-section elementor-top-section elementor-element elementor-element-ffd3314 elementor-section-boxed elementor-section-height-default elementor-section-height-default\" data-id=\"ffd3314\" data-element_type=\"section\" data-e-type=\"section\">\n\t\t\t\t\t\t<div class=\"elementor-container elementor-column-gap-default\">\n\t\t\t\t\t<div class=\"elementor-column elementor-col-100 elementor-top-column elementor-element elementor-element-0f2d8f3\" data-id=\"0f2d8f3\" data-element_type=\"column\" data-e-type=\"column\">\n\t\t\t<div class=\"elementor-widget-wrap elementor-element-populated\">\n\t\t\t\t\t\t<div class=\"elementor-element elementor-element-ee8f583 elementor-hidden-desktop elementor-hidden-tablet elementor-widget elementor-widget-heading\" data-id=\"ee8f583\" data-element_type=\"widget\" data-e-type=\"widget\" data-widget_type=\"heading.default\">\n\t\t\t\t<div class=\"elementor-widget-container\">\n\t\t\t\t\t<h2 class=\"elementor-heading-title elementor-size-large\">Innovaci\u00f3n a tu servicio<\/h2>\t\t\t\t<\/div>\n\t\t\t\t<\/div>\n\t\t\t\t\t<\/div>\n\t\t<\/div>\n\t\t\t\t\t<\/div>\n\t\t<\/section>\n\t\t\t\t<section class=\"elementor-section elementor-top-section elementor-element elementor-element-bddff54 elementor-section-boxed elementor-section-height-default elementor-section-height-default\" data-id=\"bddff54\" data-element_type=\"section\" data-e-type=\"section\" data-settings=\"{&quot;background_background&quot;:&quot;classic&quot;}\">\n\t\t\t\t\t\t<div class=\"elementor-container elementor-column-gap-default\">\n\t\t\t\t\t<div class=\"elementor-column elementor-col-100 elementor-top-column elementor-element elementor-element-e9f7edc\" data-id=\"e9f7edc\" data-element_type=\"column\" data-e-type=\"column\">\n\t\t\t<div class=\"elementor-widget-wrap elementor-element-populated\">\n\t\t\t\t\t\t<div class=\"elementor-element elementor-element-268ec30 elementor-widget elementor-widget-heading\" data-id=\"268ec30\" data-element_type=\"widget\" data-e-type=\"widget\" data-widget_type=\"heading.default\">\n\t\t\t\t<div class=\"elementor-widget-container\">\n\t\t\t\t\t<h2 class=\"elementor-heading-title elementor-size-xl\">Datapro del Noroeste<\/h2>\t\t\t\t<\/div>\n\t\t\t\t<\/div>\n\t\t\t\t\t<\/div>\n\t\t<\/div>\n\t\t\t\t\t<\/div>\n\t\t<\/section>\n\t\t\t\t<section class=\"elementor-section elementor-top-section elementor-element elementor-element-5b3e3e6 elementor-section-boxed elementor-section-height-default elementor-section-height-default\" data-id=\"5b3e3e6\" data-element_type=\"section\" data-e-type=\"section\">\n\t\t\t\t\t\t<div class=\"elementor-container elementor-column-gap-default\">\n\t\t\t\t\t<div class=\"elementor-column elementor-col-100 elementor-top-column elementor-element elementor-element-aff4b34\" data-id=\"aff4b34\" data-element_type=\"column\" data-e-type=\"column\">\n\t\t\t<div class=\"elementor-widget-wrap elementor-element-populated\">\n\t\t\t\t\t\t<div class=\"elementor-element elementor-element-918fc0c elementor-drop-cap-yes elementor-drop-cap-view-default elementor-widget elementor-widget-text-editor\" data-id=\"918fc0c\" data-element_type=\"widget\" data-e-type=\"widget\" data-settings=\"{&quot;drop_cap&quot;:&quot;yes&quot;}\" data-widget_type=\"text-editor.default\">\n\t\t\t\t<div class=\"elementor-widget-container\">\n\t\t\t\t\t\t\t\t\t<h4>Desde 1988, estamos trabajando en la innovaci\u00f3n de sistemas de informaci\u00f3n, hardware, servicios y seguridad para empresas de todo tipo, abarcando los diversos sectores productivos y gubernamentales.<\/h4>\t\t\t\t\t\t\t\t<\/div>\n\t\t\t\t<\/div>\n\t\t\t\t\t<\/div>\n\t\t<\/div>\n\t\t\t\t\t<\/div>\n\t\t<\/section>\n\t\t\t\t<section class=\"elementor-section elementor-top-section elementor-element elementor-element-716c1858 elementor-section-boxed elementor-section-height-default elementor-section-height-default\" data-id=\"716c1858\" data-element_type=\"section\" data-e-type=\"section\" data-settings=\"{&quot;background_background&quot;:&quot;gradient&quot;}\">\n\t\t\t\t\t\t<div class=\"elementor-container elementor-column-gap-default\">\n\t\t\t\t\t<div class=\"elementor-column elementor-col-100 elementor-top-column elementor-element elementor-element-732d0a99\" data-id=\"732d0a99\" data-element_type=\"column\" data-e-type=\"column\">\n\t\t\t<div class=\"elementor-widget-wrap elementor-element-populated\">\n\t\t\t\t\t\t<section class=\"elementor-section elementor-inner-section elementor-element elementor-element-457e74cf elementor-section-boxed elementor-section-height-default elementor-section-height-default\" data-id=\"457e74cf\" data-element_type=\"section\" data-e-type=\"section\">\n\t\t\t\t\t\t<div class=\"elementor-container elementor-column-gap-default\">\n\t\t\t\t\t<div class=\"elementor-column elementor-col-33 elementor-inner-column elementor-element elementor-element-51c8ee30\" data-id=\"51c8ee30\" data-element_type=\"column\" data-e-type=\"column\" data-settings=\"{&quot;background_background&quot;:&quot;classic&quot;}\">\n\t\t\t<div class=\"elementor-widget-wrap elementor-element-populated\">\n\t\t\t\t\t\t<div class=\"elementor-element elementor-element-3e912056 elementor-vertical-align-middle elementor-position-left elementor-widget elementor-widget-image-box\" data-id=\"3e912056\" data-element_type=\"widget\" data-e-type=\"widget\" data-widget_type=\"image-box.default\">\n\t\t\t\t<div class=\"elementor-widget-container\">\n\t\t\t\t\t<div class=\"elementor-image-box-wrapper\"><figure class=\"elementor-image-box-img\"><img fetchpriority=\"high\" decoding=\"async\" width=\"1280\" height=\"1062\" src=\"https:\/\/datapro.com.mx\/wp\/wp-content\/uploads\/2019\/11\/IconoLocal3.png\" class=\"elementor-animation-wobble-top attachment-2048x2048 size-2048x2048 wp-image-493\" alt=\"\" srcset=\"https:\/\/datapro.com.mx\/wp\/wp-content\/uploads\/2019\/11\/IconoLocal3.png 1280w, https:\/\/datapro.com.mx\/wp\/wp-content\/uploads\/2019\/11\/IconoLocal3-300x249.png 300w, https:\/\/datapro.com.mx\/wp\/wp-content\/uploads\/2019\/11\/IconoLocal3-1024x850.png 1024w, https:\/\/datapro.com.mx\/wp\/wp-content\/uploads\/2019\/11\/IconoLocal3-768x637.png 768w\" sizes=\"(max-width: 1280px) 100vw, 1280px\" \/><\/figure><div class=\"elementor-image-box-content\"><h3 class=\"elementor-image-box-title\">Localizaci\u00f3n<\/h3><p class=\"elementor-image-box-description\">Blvd. Luis Donaldo Colosio 395<br>Col. Villa Sat\u00e9lite\nHermosillo, Sonora C.P. 83200<\/p><\/div><\/div>\t\t\t\t<\/div>\n\t\t\t\t<\/div>\n\t\t\t\t\t<\/div>\n\t\t<\/div>\n\t\t\t\t<div class=\"elementor-column elementor-col-33 elementor-inner-column elementor-element elementor-element-1887d196\" data-id=\"1887d196\" data-element_type=\"column\" data-e-type=\"column\" data-settings=\"{&quot;background_background&quot;:&quot;classic&quot;}\">\n\t\t\t<div class=\"elementor-widget-wrap elementor-element-populated\">\n\t\t\t\t\t\t<div class=\"elementor-element elementor-element-1b063e37 elementor-vertical-align-middle elementor-position-left elementor-widget elementor-widget-image-box\" data-id=\"1b063e37\" data-element_type=\"widget\" data-e-type=\"widget\" data-settings=\"{&quot;_animation&quot;:&quot;none&quot;}\" data-widget_type=\"image-box.default\">\n\t\t\t\t<div class=\"elementor-widget-container\">\n\t\t\t\t\t<div class=\"elementor-image-box-wrapper\"><figure class=\"elementor-image-box-img\"><img decoding=\"async\" width=\"512\" height=\"512\" src=\"https:\/\/datapro.com.mx\/wp\/wp-content\/uploads\/2019\/11\/RelojHorario.png\" class=\"elementor-animation-buzz attachment-full size-full wp-image-320\" alt=\"\" srcset=\"https:\/\/datapro.com.mx\/wp\/wp-content\/uploads\/2019\/11\/RelojHorario.png 512w, https:\/\/datapro.com.mx\/wp\/wp-content\/uploads\/2019\/11\/RelojHorario-150x150.png 150w, https:\/\/datapro.com.mx\/wp\/wp-content\/uploads\/2019\/11\/RelojHorario-300x300.png 300w\" sizes=\"(max-width: 512px) 100vw, 512px\" \/><\/figure><div class=\"elementor-image-box-content\"><h3 class=\"elementor-image-box-title\">Horario <\/h3><p class=\"elementor-image-box-description\">09:00 AM - 02:00 PM<br><span style=\"font-size: 14px;font-style: normal;font-weight: 400\">03:00 PM - 07:00 PM<\/span>\nLunes a Viernes<\/p><\/div><\/div>\t\t\t\t<\/div>\n\t\t\t\t<\/div>\n\t\t\t\t\t<\/div>\n\t\t<\/div>\n\t\t\t\t<div class=\"elementor-column elementor-col-33 elementor-inner-column elementor-element elementor-element-3719de40\" data-id=\"3719de40\" data-element_type=\"column\" data-e-type=\"column\" data-settings=\"{&quot;background_background&quot;:&quot;classic&quot;}\">\n\t\t\t<div class=\"elementor-widget-wrap elementor-element-populated\">\n\t\t\t\t\t\t<div class=\"elementor-element elementor-element-7b4be735 elementor-vertical-align-middle elementor-position-left elementor-widget elementor-widget-image-box\" data-id=\"7b4be735\" data-element_type=\"widget\" data-e-type=\"widget\" data-widget_type=\"image-box.default\">\n\t\t\t\t<div class=\"elementor-widget-container\">\n\t\t\t\t\t<div class=\"elementor-image-box-wrapper\"><figure class=\"elementor-image-box-img\"><img decoding=\"async\" width=\"256\" height=\"256\" src=\"https:\/\/datapro.com.mx\/wp\/wp-content\/uploads\/2019\/11\/Telefono.png\" class=\"elementor-animation-buzz attachment-full size-full wp-image-322\" alt=\"\" srcset=\"https:\/\/datapro.com.mx\/wp\/wp-content\/uploads\/2019\/11\/Telefono.png 256w, https:\/\/datapro.com.mx\/wp\/wp-content\/uploads\/2019\/11\/Telefono-150x150.png 150w\" sizes=\"(max-width: 256px) 100vw, 256px\" \/><\/figure><div class=\"elementor-image-box-content\"><h3 class=\"elementor-image-box-title\">Nuestros Telefonos<\/h3><p class=\"elementor-image-box-description\">(662)2 16 5243<br>(662)2 16 8295<br><span style=\"font-size: 14px;font-style: normal;font-weight: 400\">Whatsapp (662)5 01 0116<\/span><\/p><\/div><\/div>\t\t\t\t<\/div>\n\t\t\t\t<\/div>\n\t\t\t\t\t<\/div>\n\t\t<\/div>\n\t\t\t\t\t<\/div>\n\t\t<\/section>\n\t\t\t\t\t<\/div>\n\t\t<\/div>\n\t\t\t\t\t<\/div>\n\t\t<\/section>\n\t\t\t\t<\/div>\n\t\t","protected":false},"excerpt":{"rendered":"<p>Innovaci\u00f3n a tu servicio Experiencia Servicio Innovaci\u00f3n Tecnolog\u00eda Innovaci\u00f3n a tu servicio Datapro del Noroeste Desde 1988, estamos trabajando en la innovaci\u00f3n de sistemas de informaci\u00f3n, hardware, servicios y seguridad para empresas de todo tipo, abarcando los diversos sectores productivos y gubernamentales. Localizaci\u00f3n Blvd. Luis Donaldo Colosio 395 Col. Villa Sat\u00e9lite Hermosillo, Sonora C.P. 83200 [&hellip;]<\/p>\n","protected":false},"author":1,"featured_media":0,"parent":0,"menu_order":0,"comment_status":"closed","ping_status":"closed","template":"","meta":{"_uag_custom_page_level_css":"","site-sidebar-layout":"no-sidebar","site-content-layout":"page-builder","ast-site-content-layout":"full-width-container","site-content-style":"unboxed","site-sidebar-style":"unboxed","ast-global-header-display":"","ast-banner-title-visibility":"","ast-main-header-display":"","ast-hfb-above-header-display":"","ast-hfb-below-header-display":"","ast-hfb-mobile-header-display":"","site-post-title":"disabled","ast-breadcrumbs-content":"","ast-featured-img":"disabled","footer-sml-layout":"","ast-disable-related-posts":"","theme-transparent-header-meta":"default","adv-header-id-meta":"","stick-header-meta":"","header-above-stick-meta":"","header-main-stick-meta":"","header-below-stick-meta":"","astra-migrate-meta-layouts":"set","ast-page-background-enabled":"default","ast-page-background-meta":{"desktop":{"background-color":"","background-image":"","background-repeat":"repeat","background-position":"center center","background-size":"auto","background-attachment":"scroll","background-type":"","background-media":"","overlay-type":"","overlay-color":"","overlay-opacity":"","overlay-gradient":""},"tablet":{"background-color":"","background-image":"","background-repeat":"repeat","background-position":"center center","background-size":"auto","background-attachment":"scroll","background-type":"","background-media":"","overlay-type":"","overlay-color":"","overlay-opacity":"","overlay-gradient":""},"mobile":{"background-color":"","background-image":"","background-repeat":"repeat","background-position":"center center","background-size":"auto","background-attachment":"scroll","background-type":"","background-media":"","overlay-type":"","overlay-color":"","overlay-opacity":"","overlay-gradient":""}},"ast-content-background-meta":{"desktop":{"background-color":"var(--ast-global-color-5)","background-image":"","background-repeat":"repeat","background-position":"center center","background-size":"auto","background-attachment":"scroll","background-type":"","background-media":"","overlay-type":"","overlay-color":"","overlay-opacity":"","overlay-gradient":""},"tablet":{"background-color":"var(--ast-global-color-5)","background-image":"","background-repeat":"repeat","background-position":"center center","background-size":"auto","background-attachment":"scroll","background-type":"","background-media":"","overlay-type":"","overlay-color":"","overlay-opacity":"","overlay-gradient":""},"mobile":{"background-color":"var(--ast-global-color-5)","background-image":"","background-repeat":"repeat","background-position":"center center","background-size":"auto","background-attachment":"scroll","background-type":"","background-media":"","overlay-type":"","overlay-color":"","overlay-opacity":"","overlay-gradient":""}},"footnotes":""},"class_list":["post-13","page","type-page","status-publish","hentry"],"uagb_featured_image_src":{"full":false,"thumbnail":false,"medium":false,"medium_large":false,"large":false,"1536x1536":false,"2048x2048":false},"uagb_author_info":{"display_name":"admin","author_link":"https:\/\/datapro.com.mx\/wp\/?author=1"},"uagb_comment_info":0,"uagb_excerpt":"Innovaci\u00f3n a tu servicio Experiencia Servicio Innovaci\u00f3n Tecnolog\u00eda Innovaci\u00f3n a tu servicio Datapro del Noroeste Desde 1988, estamos trabajando en la innovaci\u00f3n de sistemas de informaci\u00f3n, hardware, servicios y seguridad para empresas de todo tipo, abarcando los diversos sectores productivos y gubernamentales. Localizaci\u00f3n Blvd. Luis Donaldo Colosio 395 Col. Villa Sat\u00e9lite Hermosillo, Sonora C.P. 83200&hellip;","_links":{"self":[{"href":"https:\/\/datapro.com.mx\/wp\/index.php?rest_route=\/wp\/v2\/pages\/13","targetHints":{"allow":["GET"]}}],"collection":[{"href":"https:\/\/datapro.com.mx\/wp\/index.php?rest_route=\/wp\/v2\/pages"}],"about":[{"href":"https:\/\/datapro.com.mx\/wp\/index.php?rest_route=\/wp\/v2\/types\/page"}],"author":[{"embeddable":true,"href":"https:\/\/datapro.com.mx\/wp\/index.php?rest_route=\/wp\/v2\/users\/1"}],"replies":[{"embeddable":true,"href":"https:\/\/datapro.com.mx\/wp\/index.php?rest_route=%2Fwp%2Fv2%2Fcomments&post=13"}],"version-history":[{"count":42,"href":"https:\/\/datapro.com.mx\/wp\/index.php?rest_route=\/wp\/v2\/pages\/13\/revisions"}],"predecessor-version":[{"id":592,"href":"https:\/\/datapro.com.mx\/wp\/index.php?rest_route=\/wp\/v2\/pages\/13\/revisions\/592"}],"wp:attachment":[{"href":"https:\/\/datapro.com.mx\/wp\/index.php?rest_route=%2Fwp%2Fv2%2Fmedia&parent=13"}],"curies":[{"name":"wp","href":"https:\/\/api.w.org\/{rel}","templated":true}]}}